{"id":96,"date":"2024-11-12T10:07:18","date_gmt":"2024-11-12T10:07:18","guid":{"rendered":"https:\/\/lehmann-marl.de\/?page_id=96"},"modified":"2024-11-12T10:10:53","modified_gmt":"2024-11-12T10:10:53","slug":"kontakt-2","status":"publish","type":"page","link":"https:\/\/lehmann-marl.de\/index.php\/kontakt-2\/","title":{"rendered":"Kontakt"},"content":{"rendered":"\n<div class=\"wp-block-columns is-layout-flex wp-container-core-columns-is-layout-9d6595d7 wp-block-columns-is-layout-flex\">\n<div class=\"wp-block-column is-layout-flow wp-block-column-is-layout-flow\">\n<p>Kontaktinformationen:<br>Praxis f\u00fcr Allgemeinmedizin<br>Svetlana Lehmann<br>Gunterstra\u00dfe 8<br>45770 Marl<\/p>\n\n\n\n<p>Kontakt:<br>Tel.: 02365 \/ 3 57 57<br>Fax: 02365 \/ 50 50 09<\/p>\n<\/div>\n\n\n\n<div class=\"wp-block-column is-layout-flow wp-block-column-is-layout-flow\">\n<p> <\/p>\n\n\n\n<iframe src=\"https:\/\/www.google.com\/maps\/embed?pb=!1m18!1m12!1m3!1d779.4935884474644!2d7.118568966568061!3d51.664640281944465!2m3!1f0!2f0!3f0!3m2!1i1024!2i768!4f13.1!3m3!1m2!1s0x47b8fae467df76a7%3A0xc848d48bab873f33!2ssvetlana%20lehmann%20fach%C3%A4rztin%20f%C3%BCr%20allgemeinmedizin!5e0!3m2!1sde!2sde!4v1731337243128!5m2!1sde!2sde\" width=\"300\" height=\"200\" style=\"border:0;\" allowfullscreen=\"\" loading=\"lazy\" referrerpolicy=\"no-referrer-when-downgrade\"><\/iframe>\n<\/div>\n<\/div>\n\n\n\n<p class=\"has-text-color has-link-color wp-elements-41c8f41fdd1a719367ecb7136c3af14d\" style=\"color:#ff0000\"><strong>Bitte beachten Sie, dass wir w\u00e4hrend unserer Abwesenheit keine Online-Anfragen beantwortet k\u00f6nnen.<\/strong><\/p>\n\n\n<div class=\"wpforms-container wpforms-container-full wpforms-block wpforms-block-40ff4351-0f3c-4dde-b3de-351274be8bc7 wpforms-render-modern\" id=\"wpforms-58\"><form id=\"wpforms-form-58\" class=\"wpforms-validate wpforms-form wpforms-ajax-form\" data-formid=\"58\" method=\"post\" enctype=\"multipart\/form-data\" action=\"\/index.php\/wp-json\/wp\/v2\/pages\/96\" data-token=\"85405dfe8581b21fe4cac40216c87ff2\" data-token-time=\"1778858430\"><noscript class=\"wpforms-error-noscript\">Bitte aktiviere JavaScript in deinem Browser, um dieses Formular fertigzustellen.<\/noscript><div class=\"wpforms-hidden\" id=\"wpforms-error-noscript\">Bitte aktiviere JavaScript in deinem Browser, um dieses Formular fertigzustellen.<\/div><div class=\"wpforms-field-container\"><div id=\"wpforms-58-field_1-container\" class=\"wpforms-field wpforms-field-name\" data-field-id=\"1\"><fieldset><legend class=\"wpforms-field-label\">Name <span class=\"wpforms-required-label\" aria-hidden=\"true\">*<\/span><\/legend><div class=\"wpforms-field-row wpforms-field-medium\"><div class=\"wpforms-field-row-block wpforms-first wpforms-one-half\"><input type=\"text\" id=\"wpforms-58-field_1\" class=\"wpforms-field-name-first wpforms-field-required\" name=\"wpforms[fields][1][first]\" aria-errormessage=\"wpforms-58-field_1-error\" required><label for=\"wpforms-58-field_1\" class=\"wpforms-field-sublabel after\">Vorname<\/label><\/div><div class=\"wpforms-field-row-block wpforms-one-half\"><input type=\"text\" id=\"wpforms-58-field_1-last\" class=\"wpforms-field-name-last wpforms-field-required\" name=\"wpforms[fields][1][last]\" aria-errormessage=\"wpforms-58-field_1-last-error\" required><label for=\"wpforms-58-field_1-last\" class=\"wpforms-field-sublabel after\">Nachname<\/label><\/div><\/div><\/fieldset><\/div><div id=\"wpforms-58-field_8-container\" class=\"wpforms-field wpforms-field-text\" data-field-id=\"8\"><label class=\"wpforms-field-label\" for=\"wpforms-58-field_8\">Adresse<\/label><input type=\"text\" id=\"wpforms-58-field_8\" class=\"wpforms-field-medium\" name=\"wpforms[fields][8]\" aria-errormessage=\"wpforms-58-field_8-error\" ><\/div><div id=\"wpforms-58-field_2-container\" class=\"wpforms-field wpforms-field-email\" data-field-id=\"2\"><label class=\"wpforms-field-label\" for=\"wpforms-58-field_2\">E-Mail-Adresse <span class=\"wpforms-required-label\" aria-hidden=\"true\">*<\/span><\/label><input type=\"email\" id=\"wpforms-58-field_2\" class=\"wpforms-field-medium wpforms-field-required\" name=\"wpforms[fields][2]\" spellcheck=\"false\" aria-errormessage=\"wpforms-58-field_2-error\" required><\/div><div id=\"wpforms-58-field_7-container\" class=\"wpforms-field wpforms-field-text\" data-field-id=\"7\"><label class=\"wpforms-field-label\" for=\"wpforms-58-field_7\">Telefon <span class=\"wpforms-required-label\" aria-hidden=\"true\">*<\/span><\/label><input type=\"text\" id=\"wpforms-58-field_7\" class=\"wpforms-field-medium wpforms-field-required\" name=\"wpforms[fields][7]\" aria-errormessage=\"wpforms-58-field_7-error\" required><\/div><div id=\"wpforms-58-field_4-container\" class=\"wpforms-field wpforms-field-select wpforms-field-select-style-classic\" data-field-id=\"4\"><label class=\"wpforms-field-label\" for=\"wpforms-58-field_4\">Ich m\u00f6chte<\/label><select id=\"wpforms-58-field_4\" class=\"wpforms-field-medium\" name=\"wpforms[fields][4]\"><option value=\"ein Rezept vorbestellen\" >ein Rezept vorbestellen<\/option><option value=\"etwas anderes\"  selected='selected'>etwas anderes<\/option><\/select><\/div><div id=\"wpforms-58-field_3-container\" class=\"wpforms-field wpforms-field-textarea\" data-field-id=\"3\"><label class=\"wpforms-field-label\" for=\"wpforms-58-field_3\">Kommentar oder Nachricht<\/label><textarea id=\"wpforms-58-field_3\" class=\"wpforms-field-medium\" name=\"wpforms[fields][3]\" aria-errormessage=\"wpforms-58-field_3-error\" aria-describedby=\"wpforms-58-field_3-description\" ><\/textarea><div id=\"wpforms-58-field_3-description\" class=\"wpforms-field-description\">Termine bitte nur per Telefon vereinbaren. Rezepte k\u00f6nnen Sie am n\u00e4chsten Praxisarbeitstag abholen. Wir bitten um Verst\u00e4ndnis daf\u00fcr, da\u00df wir online keine medizinischen Fragen beantworten k\u00f6nnen. <\/div><\/div><\/div><!-- .wpforms-field-container --><div class=\"wpforms-recaptcha-container wpforms-is-recaptcha wpforms-is-recaptcha-type-v2\" ><div class=\"g-recaptcha\" data-sitekey=\"6LdgjBITAAAAAJ4hNmEfcKr-gW2_9L8usU9WWmwm\"><\/div><input type=\"text\" name=\"g-recaptcha-hidden\" class=\"wpforms-recaptcha-hidden\" style=\"position:absolute!important;clip:rect(0,0,0,0)!important;height:1px!important;width:1px!important;border:0!important;overflow:hidden!important;padding:0!important;margin:0!important;\" data-rule-recaptcha=\"1\"><\/div><div class=\"wpforms-submit-container\" ><input type=\"hidden\" name=\"wpforms[id]\" value=\"58\"><input type=\"hidden\" name=\"page_title\" value=\"\"><input type=\"hidden\" name=\"page_url\" value=\"https:\/\/lehmann-marl.de\/index.php\/wp-json\/wp\/v2\/pages\/96\"><input type=\"hidden\" name=\"url_referer\" value=\"\"><button type=\"submit\" name=\"wpforms[submit]\" id=\"wpforms-submit-58\" class=\"wpforms-submit\" data-alt-text=\"Wird gesendet\u00a0\u2026\" data-submit-text=\"Absenden\" aria-live=\"assertive\" value=\"wpforms-submit\">Absenden<\/button><img loading=\"lazy\" decoding=\"async\" src=\"https:\/\/lehmann-marl.de\/wp-content\/plugins\/wpforms-lite\/assets\/images\/submit-spin.svg\" class=\"wpforms-submit-spinner\" style=\"display: none;\" width=\"26\" height=\"26\" alt=\"Wird geladen\"><\/div><\/form><\/div>  <!-- .wpforms-container -->","protected":false},"excerpt":{"rendered":"<p>Kontaktinformationen:Praxis f\u00fcr AllgemeinmedizinSvetlana LehmannGunterstra\u00dfe 845770 Marl Kontakt:Tel.: 02365 \/ 3 57 57Fax: 02365 \/ 50 50 09 Bitte beachten Sie, dass wir w\u00e4hrend unserer Abwesenheit [&#8230;]<\/p>\n","protected":false},"author":1,"featured_media":0,"parent":0,"menu_order":0,"comment_status":"closed","ping_status":"closed","template":"","meta":{"footnotes":""},"class_list":["post-96","page","type-page","status-publish","hentry"],"_links":{"self":[{"href":"https:\/\/lehmann-marl.de\/index.php\/wp-json\/wp\/v2\/pages\/96","targetHints":{"allow":["GET"]}}],"collection":[{"href":"https:\/\/lehmann-marl.de\/index.php\/wp-json\/wp\/v2\/pages"}],"about":[{"href":"https:\/\/lehmann-marl.de\/index.php\/wp-json\/wp\/v2\/types\/page"}],"author":[{"embeddable":true,"href":"https:\/\/lehmann-marl.de\/index.php\/wp-json\/wp\/v2\/users\/1"}],"replies":[{"embeddable":true,"href":"https:\/\/lehmann-marl.de\/index.php\/wp-json\/wp\/v2\/comments?post=96"}],"version-history":[{"count":5,"href":"https:\/\/lehmann-marl.de\/index.php\/wp-json\/wp\/v2\/pages\/96\/revisions"}],"predecessor-version":[{"id":102,"href":"https:\/\/lehmann-marl.de\/index.php\/wp-json\/wp\/v2\/pages\/96\/revisions\/102"}],"wp:attachment":[{"href":"https:\/\/lehmann-marl.de\/index.php\/wp-json\/wp\/v2\/media?parent=96"}],"curies":[{"name":"wp","href":"https:\/\/api.w.org\/{rel}","templated":true}]}}