{"id":46,"date":"2024-11-11T10:21:28","date_gmt":"2024-11-11T10:21:28","guid":{"rendered":"https:\/\/lehmann-marl.de\/wpx\/?page_id=46"},"modified":"2024-11-11T10:21:28","modified_gmt":"2024-11-11T10:21:28","slug":"datenschutzerklaerung","status":"publish","type":"page","link":"https:\/\/lehmann-marl.de\/index.php\/datenschutzerklaerung\/","title":{"rendered":"Datenschutzerkl\u00e4rung"},"content":{"rendered":"\n<h3 class=\"wp-block-heading\">Grundlegendes:<\/h3>\n\n\n\n<p>Diese Datenschutzerkl\u00e4rung soll die Nutzer dieser Website \u00fcber die Art, den Umfang und den Zweck der Erhebung und Verwendung personenbezogener Daten durch die Websitebetreiberin [Svetlana Lehmann, Gunterstra\u00dfe 8, 45770 Marl] informieren.<br>Der Websitebetreiber nimmt Ihren Datenschutz sehr ernst und behandelt Ihre personenbezogenen Daten vertraulich und entsprechend der gesetzlichen Vorschriften. Da durch neue Technologien und die st\u00e4ndige Weiterentwicklung dieser Webseite \u00c4nderungen an dieser Datenschutzerkl\u00e4rung vorgenommen werden k\u00f6nnen, empfehlen wir Ihnen sich die Datenschutzerkl\u00e4rung in regelm\u00e4\u00dfigen Abst\u00e4nden wieder durchzulesen.<\/p>\n\n\n\n<p>Definitionen der verwendeten Begriffe (z.B. \u201cpersonenbezogene Daten\u201d oder \u201cVerarbeitung\u201d) finden Sie in Art. 4 DSGVO.<\/p>\n\n\n\n<h3 class=\"wp-block-heading\">Zugriffsdaten:<\/h3>\n\n\n\n<p>Wir, der Websitebetreiber bzw. Seitenprovider, erheben aufgrund unseres berechtigten Interesses (s. Art. 6 Abs. 1 lit. f. DSGVO) Daten \u00fcber Zugriffe auf die Website und speichern diese als \u201eServer-Logfiles\u201c auf dem Server der Website ab. Folgende Daten werden so protokolliert:<\/p>\n\n\n\n<p>\u2022 Besuchte Website<br>\u2022 Uhrzeit zum Zeitpunkt des Zugriffes<br>\u2022 Menge der gesendeten Daten in Byte<br>\u2022 Quelle\/Verweis, von welchem Sie auf die Seite gelangten<br>\u2022 Verwendeter Browser<br>\u2022 Verwendetes Betriebssystem<br>\u2022 Verwendete IP-Adresse<br>\u2022 Hostname des zugreifenden Rechners (IP-Adresse)<\/p>\n\n\n\n<p>Die Speicherung dient system\u00adbedingten (reibungsloser Betrieb, Sicherheit) und statistischen Zwecken. Diese Daten k\u00f6nnen von uns keinen Personen zugeordnet werden. Eine Zusammen\u00adf\u00fchrung dieser Daten mit anderen Daten\u00adquellen wird nicht vorgenommen, die Daten werden zudem nach einer statistischen Auswertung gel\u00f6scht.<br>Die Rechtsgrundlage f\u00fcr die Datenverarbeitung ist Art. 6 Abs. 1 S. 1 lit. f DSGVO<br>Reichweitenmessung &amp; Cookies<\/p>\n\n\n\n<p>Diese Website verwendet Cookies, die entweder von unserem Server oder dem Server Dritter an den Browser des Nutzers \u00fcbertragen werden. Bei Cookies handelt es sich um kleine Dateien, welche auf Ihrem Endger\u00e4t gespeichert werden. Ihr Browser greift auf diese Dateien zu. Durch den Einsatz von Cookies erh\u00f6ht sich die Benutzerfreundlichkeit und Sicherheit dieser Website.<\/p>\n\n\n\n<p>G\u00e4ngige Browser bieten die Einstellungsoption, Cookies nicht zuzulassen. Hinweis: Es ist nicht gew\u00e4hrleistet, dass Sie auf alle Funktionen dieser Website ohne Einschr\u00e4nkungen zugreifen k\u00f6nnen, wenn Sie entsprechende Einstellungen vornehmen.<\/p>\n\n\n\n<h3 class=\"wp-block-heading\">Erfassung und Verarbeitung personenbezogener Daten:<\/h3>\n\n\n\n<p>Der Websitebetreiber erhebt, nutzt und gibt Ihre personenbezogenen Daten nur dann weiter, wenn dies im gesetzlichen Rahmen erlaubt ist oder Sie in die Datenerhebung einwilligen.<br>Als personenbezogene Daten gelten s\u00e4mtliche Informationen, welche dazu dienen, Ihre Person zu bestimmen und welche zu Ihnen zur\u00fcckverfolgt werden k\u00f6nnen \u2013 also beispielsweise Ihr Name, Ihre E-Mail-Adresse und Telefonnummer.<br>Diese Website k\u00f6nnen Sie auch besuchen, ohne Angaben zu Ihrer Person zu machen. Zur Verbesserung unseres Online-Angebotes speichern wir jedoch (ohne Personenbezug) Ihre Zugriffsdaten auf diese Website. Zu diesen Zugriffsdaten geh\u00f6ren z. B. die von Ihnen angeforderte Datei oder der Name Ihres Internet-Providers. Durch die Anonymisierung der Daten sind R\u00fcckschl\u00fcsse auf Ihre Person nicht m\u00f6glich.<br>Wir verarbeiten personenbezogene Daten wie Vorname, Nachname, IP-Adresse, E-Mail-Adresse, Telefonnummer und Inhaltsangaben aus dem Kontaktformular.<\/p>\n\n\n\n<h3 class=\"wp-block-heading\">Umgang mit Kontaktdaten:<\/h3>\n\n\n\n<p>Nehmen Sie mit uns als Websitebetreiber durch die angebotenen Kontaktm\u00f6glichkeiten Verbindung auf, werden Ihre Angaben gespeichert, damit auf diese zur Bearbeitung und Beantwortung Ihrer Anfrage zur\u00fcckgegriffen werden kann. Ohne Ihre Einwilligung werden diese Daten nicht an Dritte weitergegeben.<\/p>\n\n\n\n<h3 class=\"wp-block-heading\">Minderj\u00e4hrigenschutz:<\/h3>\n\n\n\n<p>Unser Angebot richtet sich nicht an Minderj\u00e4hrige. Wissentlich erheben und speichern wir keine Daten von Minderj\u00e4hrigen. Ohne Zustimmung der Eltern oder Erziehungsberechtigten d\u00fcrfen Personen unter 16 Jahren keine personenbezogenen Daten an uns \u00fcbermitteln.<\/p>\n\n\n\n<h3 class=\"wp-block-heading\">Rechte des Nutzers<\/h3>\n\n\n\n<p>Sie haben als Nutzer das Recht, auf Antrag eine kostenlose Auskunft dar\u00fcber zu erhalten, welche personenbezogenen Daten \u00fcber Sie gespeichert wurden. Sie haben au\u00dferdem das Recht auf Berichtigung falscher Daten und auf die Verarbeitungseinschr\u00e4nkung oder L\u00f6schung Ihrer personenbezogenen Daten. Sollten Sie annehmen, dass Ihre Daten unrechtm\u00e4\u00dfig verarbeitet wurden, k\u00f6nnen Sie eine Beschwerde bei der zust\u00e4ndigen Aufsichtsbeh\u00f6rde einreichen.<\/p>\n\n\n\n<p>Kassen\u00e4rztliche Vereinigung Westfalen Lippe (KVWL), Dortmund<br>https:\/\/www.kvwl.de\/<\/p>\n\n\n\n<h3 class=\"wp-block-heading\">L\u00f6schung von Daten:<\/h3>\n\n\n\n<p>Sofern Ihr Wunsch nicht mit einer gesetzlichen Pflicht zur Aufbewahrung von Daten (z. B. Vorratsdatenspeicherung) kollidiert, haben Sie ein Anrecht auf L\u00f6schung Ihrer Daten. Von uns gespeicherte Daten werden, sollten sie f\u00fcr ihre Zweckbestimmung nicht mehr vonn\u00f6ten sein und es keine gesetzlichen Aufbewahrungsfristen geben, gel\u00f6scht. Falls eine L\u00f6schung nicht durchgef\u00fchrt werden kann, da die Daten f\u00fcr zul\u00e4ssige gesetzliche Zwecke erforderlich sind, erfolgt eine Einschr\u00e4nkung der Datenverarbeitung. In diesem Fall werden die Daten gesperrt und nicht f\u00fcr andere Zwecke verarbeitet.<\/p>\n\n\n\n<h3 class=\"wp-block-heading\">Widerspruchsrecht:<\/h3>\n\n\n\n<p>Nutzer dieser Webseite k\u00f6nnen von ihrem Widerspruchsrecht Gebrauch machen und der Verarbeitung ihrer personenbezogenen Daten zu jeder Zeit widersprechen.<\/p>\n\n\n\n<p>Wenn Sie eine Berichtigung, Sperrung, L\u00f6schung oder Auskunft \u00fcber die zu Ihrer Person gespeicherten personenbezogenen Daten w\u00fcnschen oder Fragen bzgl. der Erhebung, Verarbeitung oder Verwendung Ihrer personenbezogenen Daten haben oder erteilte Einwilligungen widerrufen m\u00f6chten, wenden Sie sich bitte an folgende Adresse: Svetlana Lehmann, Gunterstra\u00dfe 8, 45770 Marl<\/p>\n\n\n\n<h3 class=\"wp-block-heading\">Google\/ Google Map:<\/h3>\n\n\n\n<p>Wir nutzen auf unserer Website folgende Dienste von Google: Google Maps, Beim Aufruf der jeweiligen Seite\/Funktion werden Daten an Google \u00fcbertragen.<br>Wie Google Ihre Daten verarbeitet, entnehmen Sie bitte der Datenschutz\u00aderkl\u00e4rung von Google! https:\/\/www.google.com\/intl\/de_ALL\/policies\/technologies\/product-privacy\/<br>F\u00fcr die Darstellung von Karten nutzen wir auf unserer Website den Karten\u00addienst von Google Maps.<br>Wichtig<br>Datenschutz ist ein sehr sensibles Thema. Es ist uns daher wichtig, alle Ihre Fragen zu beantworten. Sie k\u00f6nnen uns gern Fragen, Anregungen und Kommentare per Post an die oben angegebene Adresse oder per Fax an 02365 &#8211; 505009 senden.<\/p>\n\n\n\n<p>Datenverarbeitende Stelle laut Art. 5 Abs. 1 DSGVO<\/p>\n","protected":false},"excerpt":{"rendered":"<p>Grundlegendes: Diese Datenschutzerkl\u00e4rung soll die Nutzer dieser Website \u00fcber die Art, den Umfang und den Zweck der Erhebung und Verwendung personenbezogener Daten durch die Websitebetreiberin [&#8230;]<\/p>\n","protected":false},"author":1,"featured_media":0,"parent":0,"menu_order":0,"comment_status":"closed","ping_status":"closed","template":"","meta":{"footnotes":""},"class_list":["post-46","page","type-page","status-publish","hentry"],"_links":{"self":[{"href":"https:\/\/lehmann-marl.de\/index.php\/wp-json\/wp\/v2\/pages\/46","targetHints":{"allow":["GET"]}}],"collection":[{"href":"https:\/\/lehmann-marl.de\/index.php\/wp-json\/wp\/v2\/pages"}],"about":[{"href":"https:\/\/lehmann-marl.de\/index.php\/wp-json\/wp\/v2\/types\/page"}],"author":[{"embeddable":true,"href":"https:\/\/lehmann-marl.de\/index.php\/wp-json\/wp\/v2\/users\/1"}],"replies":[{"embeddable":true,"href":"https:\/\/lehmann-marl.de\/index.php\/wp-json\/wp\/v2\/comments?post=46"}],"version-history":[{"count":1,"href":"https:\/\/lehmann-marl.de\/index.php\/wp-json\/wp\/v2\/pages\/46\/revisions"}],"predecessor-version":[{"id":47,"href":"https:\/\/lehmann-marl.de\/index.php\/wp-json\/wp\/v2\/pages\/46\/revisions\/47"}],"wp:attachment":[{"href":"https:\/\/lehmann-marl.de\/index.php\/wp-json\/wp\/v2\/media?parent=46"}],"curies":[{"name":"wp","href":"https:\/\/api.w.org\/{rel}","templated":true}]}}